{"id":6,"date":"2019-06-19T09:08:46","date_gmt":"2019-06-19T09:08:46","guid":{"rendered":"http:\/\/localhost\/cbs\/wordpress\/?page_id=6"},"modified":"2026-03-31T07:21:57","modified_gmt":"2026-03-31T07:21:57","slug":"home","status":"publish","type":"page","link":"https:\/\/ekipica-agency.com\/en\/","title":{"rendered":"Home"},"content":{"rendered":"","protected":false},"excerpt":{"rendered":"<p>Ekipica Agency: Va\u0161 kreativni partner za foto i video produkciju, web dizajn i grafi\u010dki dizajn. Pretvaramo va\u0161e ideje u upe\u010datljive vizualne pri\u010de koje promoviraju va\u0161 brand i privla\u010de ciljanu publiku.<\/p>","protected":false},"author":1,"featured_media":928,"parent":0,"menu_order":0,"comment_status":"open","ping_status":"closed","template":"","meta":{"content-type":"","footnotes":""},"class_list":["post-6","page","type-page","status-publish","has-post-thumbnail","hentry"],"_links":{"self":[{"href":"https:\/\/ekipica-agency.com\/en\/wp-json\/wp\/v2\/pages\/6","targetHints":{"allow":["GET"]}}],"collection":[{"href":"https:\/\/ekipica-agency.com\/en\/wp-json\/wp\/v2\/pages"}],"about":[{"href":"https:\/\/ekipica-agency.com\/en\/wp-json\/wp\/v2\/types\/page"}],"author":[{"embeddable":true,"href":"https:\/\/ekipica-agency.com\/en\/wp-json\/wp\/v2\/users\/1"}],"replies":[{"embeddable":true,"href":"https:\/\/ekipica-agency.com\/en\/wp-json\/wp\/v2\/comments?post=6"}],"version-history":[{"count":2,"href":"https:\/\/ekipica-agency.com\/en\/wp-json\/wp\/v2\/pages\/6\/revisions"}],"predecessor-version":[{"id":1470,"href":"https:\/\/ekipica-agency.com\/en\/wp-json\/wp\/v2\/pages\/6\/revisions\/1470"}],"wp:featuredmedia":[{"embeddable":true,"href":"https:\/\/ekipica-agency.com\/en\/wp-json\/wp\/v2\/media\/928"}],"wp:attachment":[{"href":"https:\/\/ekipica-agency.com\/en\/wp-json\/wp\/v2\/media?parent=6"}],"curies":[{"name":"wp","href":"https:\/\/api.w.org\/{rel}","templated":true}]}}