{"id":190,"date":"2024-03-25T08:40:36","date_gmt":"2024-03-25T08:40:36","guid":{"rendered":"http:\/\/localhost\/cbs\/wordpress\/?page_id=190"},"modified":"2026-03-20T13:27:42","modified_gmt":"2026-03-20T13:27:42","slug":"fotografiranje-nekretnina","status":"publish","type":"page","link":"https:\/\/ekipica-agency.com\/en\/fotografiranje-nekretnina\/","title":{"rendered":"Real estate photography"},"content":{"rendered":"","protected":false},"excerpt":{"rendered":"<p>Profesionalno fotografiranje nekretnina za prodaju i najam. Kreiramo atraktivne vizuale koji isti\u010du prednosti va\u0161eg prostora i privla\u010de prave kupce.<\/p>","protected":false},"author":1,"featured_media":0,"parent":0,"menu_order":0,"comment_status":"closed","ping_status":"closed","template":"","meta":{"content-type":"","footnotes":""},"class_list":["post-190","page","type-page","status-publish","hentry"],"_links":{"self":[{"href":"https:\/\/ekipica-agency.com\/en\/wp-json\/wp\/v2\/pages\/190","targetHints":{"allow":["GET"]}}],"collection":[{"href":"https:\/\/ekipica-agency.com\/en\/wp-json\/wp\/v2\/pages"}],"about":[{"href":"https:\/\/ekipica-agency.com\/en\/wp-json\/wp\/v2\/types\/page"}],"author":[{"embeddable":true,"href":"https:\/\/ekipica-agency.com\/en\/wp-json\/wp\/v2\/users\/1"}],"replies":[{"embeddable":true,"href":"https:\/\/ekipica-agency.com\/en\/wp-json\/wp\/v2\/comments?post=190"}],"version-history":[{"count":2,"href":"https:\/\/ekipica-agency.com\/en\/wp-json\/wp\/v2\/pages\/190\/revisions"}],"predecessor-version":[{"id":1468,"href":"https:\/\/ekipica-agency.com\/en\/wp-json\/wp\/v2\/pages\/190\/revisions\/1468"}],"wp:attachment":[{"href":"https:\/\/ekipica-agency.com\/en\/wp-json\/wp\/v2\/media?parent=190"}],"curies":[{"name":"wp","href":"https:\/\/api.w.org\/{rel}","templated":true}]}}